{"id":1134,"date":"2025-10-07T11:23:33","date_gmt":"2025-10-07T04:23:33","guid":{"rendered":"https:\/\/vupland.vn\/?page_id=1134"},"modified":"2025-10-07T11:26:43","modified_gmt":"2025-10-07T04:26:43","slug":"tin-tuyen-dung","status":"publish","type":"page","link":"https:\/\/vupland.vn\/en\/tin-tuyen-dung\/","title":{"rendered":"Recruitment"},"content":{"rendered":"<section class=\"section\" id=\"section_1827696529\">\n\t\t<div class=\"section-bg fill\" >\n\t\t\t\t\t\t\t\t\t\n\t\t\t\n\n\t\t<\/div>\n\n\t\t\n\n\t\t<div class=\"section-content relative\">\n\t\t\t\n\n<div class=\"row align-equal\"  id=\"row-1684794584\">\n\n\n\t<div id=\"col-452180571\" class=\"col medium-7 small-12 large-7\"  data-animate=\"fadeInUp\">\n\t\t\t\t<div class=\"col-inner\"  >\n\t\t\t\n\t\t\t\n\n\t<div id=\"text-1296662151\" class=\"text\">\n\t\t\n\n<h2><span style=\"color: #07abee;\">VUPLAND<\/span> \u2013 Bring the Solution inns &amp; Safety facilities in Hanoi<\/h2>\n\t\t\n<style>\n#text-1296662151 {\n  font-size: 1.5rem;\n}\n<\/style>\n\t<\/div>\n\t\n\t<div class=\"img has-hover x md-x lg-x y md-y lg-y\" id=\"image_1149095361\">\n\t\t\t\t\t\t\t\t<div class=\"img-inner dark\" >\n\t\t\t<img loading=\"lazy\" decoding=\"async\" width=\"761\" height=\"333\" src=\"https:\/\/vupland.vn\/wp-content\/uploads\/2025\/10\/Frame-2147226129.png\" class=\"attachment-original size-original\" alt=\"\" srcset=\"https:\/\/vupland.vn\/wp-content\/uploads\/2025\/10\/Frame-2147226129.png 761w, https:\/\/vupland.vn\/wp-content\/uploads\/2025\/10\/Frame-2147226129-300x131.png 300w, https:\/\/vupland.vn\/wp-content\/uploads\/2025\/10\/Frame-2147226129-18x8.png 18w\" sizes=\"auto, (max-width: 761px) 100vw, 761px\" \/>\t\t\t\t\t\t\n\t\t\t\t\t<\/div>\n\t\t\t\t\t\t\t\t\n<style>\n#image_1149095361 {\n  width: 100%;\n}\n<\/style>\n\t<\/div>\n\t\n\n\t<div id=\"text-4031023484\" class=\"text\">\n\t\t\n\n<p><strong>VUPLAND<\/strong> was founded with the goal to bring to accommodation solutions safe \u2013 facilities \u2013 transparency for tenants. We understand that finding a suitable accommodation in the heart of Hanoi, just find a room, but also is to find a place to calm the mind, study, work and build lives.<\/p>\n\t\t\n<style>\n#text-4031023484 {\n  line-height: 1.3;\n}\n<\/style>\n\t<\/div>\n\t\n\t<div id=\"text-2095160645\" class=\"text\">\n\t\t\n\n<p><strong>Our mission:<\/strong><\/p>\n<p>Create a living environment, civilization, convenient, help each customer feel \u201csettling down\u201d right in the bustling city.<\/p>\n\t\t\n<style>\n#text-2095160645 {\n  line-height: 1.3;\n}\n<\/style>\n\t<\/div>\n\t\n\n\t\t<\/div>\n\t\t\t\t\t<\/div>\n\n\t\n\n\t<div id=\"col-1236296849\" class=\"col medium-5 small-12 large-5\"  data-animate=\"fadeInUp\">\n\t\t\t\t<div class=\"col-inner\" style=\"background-color:rgb(255, 255, 255);\" >\n\t\t\t\n\t<div class=\"is-border\"\n\t\tstyle=\"border-color:rgb(7, 171, 238);border-width:3px 0px 0px 0px;\">\n\t<\/div>\n\t\t\t\n\n<h3 class=\"mb-0\" style=\"color: #07abee; font-size: 40px;\"><strong>1,500+<\/strong><\/h3>\n<p><strong>Room rates standard safety &amp; convenience in Hanoi<\/strong><\/p>\n<h3 class=\"mb-0\" style=\"color: #07abee; font-size: 40px;\">5,000+<\/h3>\n<p><strong>Customers already trust choice<\/strong><\/p>\n<h3 class=\"mb-0\" style=\"color: #07abee; font-size: 40px;\">300+<\/h3>\n<p><strong>Home inn prestigious collaborations with VUPLAND<\/strong><\/p>\n\n\t\t<\/div>\n\t\t\t\t\n<style>\n#col-1236296849 > .col-inner {\n  padding: 10% 10% 10% 10%;\n}\n<\/style>\n\t<\/div>\n\n\t\n\n<\/div>\n\n\t\t<\/div>\n\n\t\t\n<style>\n#section_1827696529 {\n  padding-top: 60px;\n  padding-bottom: 60px;\n  min-height: 700px;\n  background-color: rgb(252, 250, 250);\n}\n<\/style>\n\t<\/section>\n\t\n\n\t<section class=\"section\" id=\"section_623835404\">\n\t\t<div class=\"section-bg fill\" >\n\t\t\t\t\t\t\t\t\t\n\t\t\t\n\n\t\t<\/div>\n\n\t\t\n\n\t\t<div class=\"section-content relative\">\n\t\t\t\n\n<div class=\"row\"  id=\"row-542214477\">\n\n\n\t<div id=\"col-305506906\" class=\"col small-12 large-12\"  data-animate=\"fadeInUp\">\n\t\t\t\t<div class=\"col-inner\"  >\n\t\t\t\n\t\t\t\n\n<div id=\"tuyendung-container\">\n    <h2>List recruitment<\/h2>\n    <div id=\"department-filters\" class=\"icon-filters\">\n        <!-- <a href=\"#\" class=\"filter-btn-icon active\" data-slug=\"\">\n            <span class=\"filter-icon-text\">T\u1ea5t c\u1ea3<\/span>\n        <\/a> -->\n        <a href=\"#\" class=\"filter-btn-icon\" data-slug=\"ban-hang\"><img decoding=\"async\" src=\"https:\/\/vupland.vn\/wp-content\/uploads\/2025\/10\/18545111.svg\" alt=\"Sales\" class=\"filter-icon-image\"><span class=\"filter-icon-text\">Sales<\/span><\/a><a href=\"#\" class=\"filter-btn-icon\" data-slug=\"san-pham\"><img decoding=\"async\" src=\"https:\/\/vupland.vn\/wp-content\/uploads\/2025\/10\/18545118.svg\" alt=\"Products\" class=\"filter-icon-image\"><span class=\"filter-icon-text\">Products<\/span><\/a><a href=\"#\" class=\"filter-btn-icon\" data-slug=\"marketing\"><img decoding=\"async\" src=\"https:\/\/vupland.vn\/wp-content\/uploads\/2025\/10\/icon.svg-3.svg\" alt=\"Marketing\" class=\"filter-icon-image\"><span class=\"filter-icon-text\">Marketing<\/span><\/a><a href=\"#\" class=\"filter-btn-icon\" data-slug=\"hanh-chinh\"><img decoding=\"async\" src=\"https:\/\/vupland.vn\/wp-content\/uploads\/2025\/10\/carbon_ibm-elo-engineering-insights.svg\" alt=\"H\u00e0nh ch\u00ednh\" class=\"filter-icon-image\"><span class=\"filter-icon-text\">H\u00e0nh ch\u00ednh<\/span><\/a>    <\/div>\n\n    <div id=\"job-listings-container\">\n        <!-- K\u1ebft qu\u1ea3 AJAX s\u1ebd \u0111\u01b0\u1ee3c t\u1ea3i v\u00e0o \u0111\u00e2y -->\n    <\/div>\n<\/div>\n\n\t\t<\/div>\n\t\t\t\t\t<\/div>\n\n\t\n\n<\/div>\n\n\t\t<\/div>\n\n\t\t\n<style>\n#section_623835404 {\n  padding-top: 30px;\n  padding-bottom: 30px;\n}\n<\/style>\n\t<\/section>","protected":false},"excerpt":{"rendered":"","protected":false},"author":1,"featured_media":0,"parent":0,"menu_order":0,"comment_status":"closed","ping_status":"closed","template":"","meta":{"footnotes":""},"wf_page_folders":[],"class_list":["post-1134","page","type-page","status-publish","hentry"],"_links":{"self":[{"href":"https:\/\/vupland.vn\/en\/wp-json\/wp\/v2\/pages\/1134","targetHints":{"allow":["GET"]}}],"collection":[{"href":"https:\/\/vupland.vn\/en\/wp-json\/wp\/v2\/pages"}],"about":[{"href":"https:\/\/vupland.vn\/en\/wp-json\/wp\/v2\/types\/page"}],"author":[{"embeddable":true,"href":"https:\/\/vupland.vn\/en\/wp-json\/wp\/v2\/users\/1"}],"replies":[{"embeddable":true,"href":"https:\/\/vupland.vn\/en\/wp-json\/wp\/v2\/comments?post=1134"}],"version-history":[{"count":6,"href":"https:\/\/vupland.vn\/en\/wp-json\/wp\/v2\/pages\/1134\/revisions"}],"predecessor-version":[{"id":1140,"href":"https:\/\/vupland.vn\/en\/wp-json\/wp\/v2\/pages\/1134\/revisions\/1140"}],"wp:attachment":[{"href":"https:\/\/vupland.vn\/en\/wp-json\/wp\/v2\/media?parent=1134"}],"wp:term":[{"taxonomy":"wf_page_folders","embeddable":true,"href":"https:\/\/vupland.vn\/en\/wp-json\/wp\/v2\/wf_page_folders?post=1134"}],"curies":[{"name":"wp","href":"https:\/\/api.w.org\/{rel}","templated":true}]}}